{"id":5,"date":"2015-04-25T13:02:22","date_gmt":"2015-04-21T12:19:57","guid":{"rendered":"http:\/\/carducciartlaw.com\/site\/01\/?page_id=5"},"modified":"2026-02-23T17:39:02","modified_gmt":"2026-02-23T16:39:02","slug":"introduction-concept-languages","status":"publish","type":"page","link":"https:\/\/carducciartlaw.com\/site\/01\/","title":{"rendered":"Introduction"},"content":{"rendered":"<div  class=\"vc_row wpb_row vc_row-fluid\" style=\"text-align:left;\"><\/div>\n\t<div class=\"vc_col-sm-12 wpb_column vc_column_container \">\n\t\t<div class=\"wpb_wrapper\">\n\t\t\t\n\t\t<\/div> \n\t<\/div> \n\n\t<div class=\"wpb_text_column wpb_content_element \">\n\t\t<div class=\"wpb_wrapper\">\n\t\t\t<figure class=\"wp-block-pullquote\">\n<blockquote><p>\n<strong>Combining academic, international and intergovernmental experiences in preventing and resolving international disputes <div class=\"separator  transparent center  \" style=\"margin-top:0px;margin-bottom:30px;\"><\/div>\n<\/strong>\n<\/p><\/blockquote>\n<\/figure>\n<h2>Arbitrator, Legal Counsel and Expert, Cultural Diplomacy <div class=\"separator  transparent center  \" style=\"margin-top:8px;margin-bottom:8px;\"><\/div>\n<\/h2>\n<h2>Law Professor and Attorney-at-Law (Paris-Rome)<div class=\"separator  transparent center  \" style=\"margin-top:8px;margin-bottom:8px;\"><\/div>\n<\/h2>\n<h2> Chartered Arbitrator (FCIArb), Former International Tenant and Arbitrator, 4-5 Gray&rsquo;s Inn Square (London) <\/h2>\n<h2><div class=\"separator  transparent center  \" style=\"margin-top:8px;margin-bottom:8px;\"><\/div>\nFormer Chief, International Standards Section, UNESCO (HQ Paris, 192 Member States)&nbsp;in charge of UNESCO Cultural Property and Heritage Conventions<div class=\"separator  transparent center  \" style=\"margin-top:8px;margin-bottom:8px;\"><\/div>\n <\/h2>\n<h2 id=\"block-37992d47-56d0-4e40-a30b-b14dc6cdb91e\"><\/h2>\n<h2>Former UNESCO Mediator between the UK and Greece concerning the Return of the Parthenon Marbles <div class=\"separator  transparent center  \" style=\"margin-top:8px;margin-bottom:8px;\"><\/div>\n<\/h2>\n<h2 id=\"block-cc14c4ea-ac81-4b38-add3-e67fe9c75010\">Acts as Arbitrator, Legal Counsel and Expert, Cultural Mediator in: <div class=\"separator  transparent center  \" style=\"margin-top:8px;margin-bottom:8px;\"><\/div>\n i) Art Law and Restitution Diplomacy and Claims, UNESCO Conventions, Cultural and Natural Heritage and Resources <div class=\"separator  transparent center  \" style=\"margin-top:8px;margin-bottom:8px;\"><\/div>\n ii) Commercial, Investment, Treaty, Law (visit <a href=\"http:\/\/www.carducciarbitration.com\/\">carducciarbitration.com<\/a>)<div class=\"separator  transparent center  \" style=\"margin-top:8px;margin-bottom:8px;\"><\/div>\n<\/h2>\n<h2 id=\"block-cc14c4ea-ac81-4b38-add3-e67fe9c75010\">iii) International Law (Public, Economic, Private), EU, French and Italian Law <div class=\"separator  transparent center  \" style=\"margin-top:8px;margin-bottom:20px;\"><\/div>\n<\/h2>\n<h2 id=\"block-86ec8d12-5bac-44c6-a0b1-e04e9cf738e7\">Fluent and works in English, French, Spanish, German, Italian <div class=\"separator  transparent center  \" style=\"margin-top:5px;margin-bottom:5px;\"><\/div>\n<\/h2>\n<h2>A leading expert in the field of :<div class=\"separator  transparent center  \" style=\"margin-top:5px;margin-bottom:5px;\"><\/div>\n<\/h2>\n<h2>i) Return and restitution of stolen, looted and illegally exported art and cultural property, in time of peace, occupation, war <div class=\"separator  transparent center  \" style=\"margin-top:5px;margin-bottom:5px;\"><\/div>\n<\/h2>\n<h2>ii) 1970 Convention: governing international trade, export and import in cultural property in 148 States Parties <div class=\"separator  transparent center  \" style=\"margin-top:5px;margin-bottom:5px;\"><\/div>\n<\/h2>\n<h2 id=\"block-9e1a49d1-f64e-41cb-8e68-c62b2274c299\">iii) 1972 Convention: governing World cultural and natural heritage and resources in 194 States Parties <div class=\"separator  transparent center  \" style=\"margin-top:5px;margin-bottom:5px;\"><\/div>\n<\/h2>\n<h2 id=\"block-9e1a49d1-f64e-41cb-8e68-c62b2274c299\">iv) 2001 Convention: governing underwater cultural heritage in 80 States Parties <div class=\"separator  transparent center  \" style=\"margin-top:5px;margin-bottom:5px;\"><\/div>\n<\/h2>\n<h2 id=\"block-9e1a49d1-f64e-41cb-8e68-c62b2274c299\">v) 1954 Convention, 1954 and 1999 Protocols: governing cultural property in the event of armed conflict in 138 States Parties <div class=\"separator  transparent center  \" style=\"margin-top:5px;margin-bottom:5px;\"><\/div>\n<\/h2>\n<h3 id=\"block-9e1a49d1-f64e-41cb-8e68-c62b2274c299\"><\/h3>\n<h2>vi) 2003 Convention: governing intangible cultural heritage in 185 States Parties <div class=\"separator  transparent center  \" style=\"margin-top:5px;margin-bottom:5px;\"><\/div>\n<\/h2>\n<h2>vii) EU Directive 2014\/60 on restitution and EU Regulations 2019\/880 and 2021\/1079 on import of cultural goods <div class=\"separator  transparent center  \" style=\"margin-top:5px;margin-bottom:15px;\"><\/div>\n<\/h2>\n<h2 id=\"block-86ec8d12-5bac-44c6-a0b1-e04e9cf738e7\">Member of three ICC Commissions: Arbitration and ADR &#8211; Commercial Law &#8211; Competition <div class=\"separator  transparent center  \" style=\"margin-top:5px;margin-bottom:5px;\"><\/div>\n <\/h2>\n<h2>CIAM &#8211; CIAR (Madrid International and Interamerican Arbitration Center) : Co-Chair of the \u201cArbitration with States and Investments\u201d Working Group<div class=\"separator  transparent center  \" style=\"margin-top:5px;margin-bottom:5px;\"><\/div>\n<\/h2>\n<h2 id=\"block-b5e2edfa-2c9a-4b62-9581-c5b6e981704d\">American Bar Association (ABA): Former Vice-Chair, International Arbitration and International Litigation Committees <div class=\"separator  transparent center  \" style=\"margin-top:5px;margin-bottom:5px;\"><\/div>\n<\/h2>\n<h2 id=\"block-6970d97d-879e-488f-9199-40fe1eda8162\">Panels of Arbitrators: ICDR, CIArb, WIPO, JCAA, HKIAC, BVI, CMAP. Formerly ICSID, SIAC, CAS Panels<div class=\"separator  transparent center  \" style=\"margin-top:5px;margin-bottom:5px;\"><\/div>\n<\/h2>\n<h2 id=\"block-26d80151-1125-4318-ae90-b99e87f486b8\">Recognized in The Legal 500 : Dispute Resolution <div class=\"separator  transparent center  \" style=\"margin-top:5px;margin-bottom:5px;\"><\/div>\n<\/h2>\n<h2 id=\"block-a98ce8c3-8fc2-409d-9524-314493663747\">Publications: 2 Monographs and 55 Articles in Law Journals <div class=\"separator  transparent center  \" style=\"margin-top:5px;margin-bottom:5px;\"><\/div>\n <\/h2>\n<h2 id=\"block-a98ce8c3-8fc2-409d-9524-314493663747\">Ph.D. in International Law (Paris II) &#8211; Ph.D. in Comparative Contract Law (Rome I) &#8211; Diploma, The Hague Academy of International Law<\/h2>\n\n\t\t<\/div> \n\t<\/div> <div class=\"vc_empty_space\"  style=\"height: 40px\" ><span class=\"vc_empty_space_inner\"><\/span><\/div>\n\n\n\t<div class=\"wpb_text_column wpb_content_element \">\n\t\t<div class=\"wpb_wrapper\">\n\t\t\t\n\t\t<\/div> \n\t<\/div> \n<h3 style=\"text-align: justify;\" align=\"justify\"><span lang=\"en-GB\"><span class='dropcap square' style='background-color: #0072cf; color: #ffffff;'>G<\/span><\/span><\/h3>\n<h3>uido Carducci is a Law Professor in Paris, an Attorney-at-Law in Rome, a Chartered Arbitrator and International Tenant and Arbitrator with 4-5 Gray&rsquo;s Inn Square, London.\u00a0Recognized in The Legal 500 : Dispute Resolution<\/h3>\n<h3><div class=\"separator  transparent center  \" style=\"margin-top:10px;margin-bottom:10px;\"><\/div>\n<\/h3>\n<h3 style=\"text-align: justify;\">Former Chief of the International Standards Section at UNESCO (Paris Headquarters) he was in charge of international standard-setting, the elaboration and implementation in (192) Member States of UNESCO Conventions, Recommendations and Declarations on art, cultural property and heritage, and of two intergovernmental committees<\/h3>\n<h3 style=\"text-align: justify;\"><div class=\"separator  transparent center  \" style=\"margin-top:10px;margin-bottom:10px;\"><\/div>\n<\/h3>\n<h3 style=\"text-align: justify;\">A leading authority in the field of return and restitution of stolen, looted and illegally exported art and cultural property, in time of peace, occupation, war:<\/h3>\n<h3 id=\"block-9e1a49d1-f64e-41cb-8e68-c62b2274c299\" class=\"block-editor-rich-text__editable block-editor-block-list__block wp-block is-selected is-hovered rich-text\" tabindex=\"0\" role=\"group\" contenteditable=\"true\" aria-multiline=\"true\" aria-label=\"Bloc\u00a0: Titre\" data-block=\"9e1a49d1-f64e-41cb-8e68-c62b2274c299\" data-type=\"core\/heading\" data-title=\"Titre\"><div class=\"separator  transparent center  \" style=\"margin-top:2px;margin-bottom:2px;\"><\/div>\n<\/h3>\n<h3 style=\"text-align: justify;\">i) Acted as mediator between Greece and the United Kingdom on the Claim for the Return of the Parthenon Marbles in the British Museum<\/h3>\n<h3 id=\"block-9e1a49d1-f64e-41cb-8e68-c62b2274c299\" class=\"block-editor-rich-text__editable block-editor-block-list__block wp-block is-selected is-hovered rich-text\" tabindex=\"0\" role=\"group\" contenteditable=\"true\" aria-multiline=\"true\" aria-label=\"Bloc\u00a0: Titre\" data-block=\"9e1a49d1-f64e-41cb-8e68-c62b2274c299\" data-type=\"core\/heading\" data-title=\"Titre\"><div class=\"separator  transparent center  \" style=\"margin-top:2px;margin-bottom:2px;\"><\/div>\n<\/h3>\n<h3 style=\"text-align: justify;\">ii) Was in charge of the integovernmental negotation of the UNESCO \u00ab\u00a0Draft Declaration of Principles Relating to Cultural Objects Displaced in Connection with the Second World War\u00a0\u00bb<\/h3>\n<h3 id=\"block-9e1a49d1-f64e-41cb-8e68-c62b2274c299\" class=\"block-editor-rich-text__editable block-editor-block-list__block wp-block is-selected is-hovered rich-text\" tabindex=\"0\" role=\"group\" contenteditable=\"true\" aria-multiline=\"true\" aria-label=\"Bloc\u00a0: Titre\" data-block=\"9e1a49d1-f64e-41cb-8e68-c62b2274c299\" data-type=\"core\/heading\" data-title=\"Titre\"><div class=\"separator  transparent center  \" style=\"margin-top:2px;margin-bottom:2px;\"><\/div>\n<\/h3>\n<h3 style=\"text-align: justify;\">iii) Was in charge of the UNESCO Intergovernmental Committee for the Return and Restitution of Cultural Property in case of Illicit Appropriation<\/h3>\n<h3 id=\"block-9e1a49d1-f64e-41cb-8e68-c62b2274c299\" class=\"block-editor-rich-text__editable block-editor-block-list__block wp-block is-selected is-hovered rich-text\" tabindex=\"0\" role=\"group\" contenteditable=\"true\" aria-multiline=\"true\" aria-label=\"Bloc\u00a0: Titre\" data-block=\"9e1a49d1-f64e-41cb-8e68-c62b2274c299\" data-type=\"core\/heading\" data-title=\"Titre\"><div class=\"separator  transparent center  \" style=\"margin-top:2px;margin-bottom:2px;\"><\/div>\n<\/h3>\n<h3 style=\"text-align: justify;\">iv) More recently the EU Parliament sought his expertise and views as to a Draft Instrument on the Return of Looted Cultural Objects in Connection to the Second World War<\/h3>\n<h3 id=\"block-9e1a49d1-f64e-41cb-8e68-c62b2274c299\" class=\"block-editor-rich-text__editable block-editor-block-list__block wp-block is-selected is-hovered rich-text\" tabindex=\"0\" role=\"group\" contenteditable=\"true\" aria-multiline=\"true\" aria-label=\"Bloc\u00a0: Titre\" data-block=\"9e1a49d1-f64e-41cb-8e68-c62b2274c299\" data-type=\"core\/heading\" data-title=\"Titre\"><div class=\"separator  transparent center  \" style=\"margin-top:2px;margin-bottom:2px;\"><\/div>\n<\/h3>\n<h3 style=\"text-align: justify;\">v) Authored a treatise on international art restitution and some 20 articles on art and cultural property law in leading law reviews and books<\/h3>\n<h3 id=\"block-9e1a49d1-f64e-41cb-8e68-c62b2274c299\" class=\"block-editor-rich-text__editable block-editor-block-list__block wp-block is-selected is-hovered rich-text\" tabindex=\"0\" role=\"group\" contenteditable=\"true\" aria-multiline=\"true\" aria-label=\"Bloc\u00a0: Titre\" data-block=\"9e1a49d1-f64e-41cb-8e68-c62b2274c299\" data-type=\"core\/heading\" data-title=\"Titre\">\u00a0<\/h3>\n<h3 style=\"text-align: justify;\"><div class=\"separator  transparent center  \" style=\"margin-top:10px;margin-bottom:10px;\"><\/div>\n<\/h3>\n<h3>To the benefit of the private and public sectors he combines:<\/h3>\n<h3 id=\"block-9e1a49d1-f64e-41cb-8e68-c62b2274c299\" class=\"block-editor-rich-text__editable block-editor-block-list__block wp-block is-selected is-hovered rich-text\" tabindex=\"0\" role=\"group\" contenteditable=\"true\" aria-multiline=\"true\" aria-label=\"Bloc\u00a0: Titre\" data-block=\"9e1a49d1-f64e-41cb-8e68-c62b2274c299\" data-type=\"core\/heading\" data-title=\"Titre\"><div class=\"separator  transparent center  \" style=\"margin-top:2px;margin-bottom:2px;\"><\/div>\n<\/h3>\n<h3>i) specialized expertise in: a) art, cultural property and heritage law; and b)\u00a0 property and contract law, private and public international law, that govern additional\u00a0 aspects of art, cultural property and heritage<\/h3>\n<h3 id=\"block-9e1a49d1-f64e-41cb-8e68-c62b2274c299\" class=\"block-editor-rich-text__editable block-editor-block-list__block wp-block is-selected is-hovered rich-text\" tabindex=\"0\" role=\"group\" contenteditable=\"true\" aria-multiline=\"true\" aria-label=\"Bloc\u00a0: Titre\" data-block=\"9e1a49d1-f64e-41cb-8e68-c62b2274c299\" data-type=\"core\/heading\" data-title=\"Titre\"><div class=\"separator  transparent center  \" style=\"margin-top:2px;margin-bottom:2px;\"><\/div>\n<\/h3>\n<h3>ii) experience with Governments worldwide, policy and legal experts in Common and Civil law jurisdictions, in art, cultural property and heritage, as to national policies, laws, treaty-making, implementation of international obligations<\/h3>\n<h3 id=\"block-9e1a49d1-f64e-41cb-8e68-c62b2274c299\" class=\"block-editor-rich-text__editable block-editor-block-list__block wp-block is-selected is-hovered rich-text\" tabindex=\"0\" role=\"group\" contenteditable=\"true\" aria-multiline=\"true\" aria-label=\"Bloc\u00a0: Titre\" data-block=\"9e1a49d1-f64e-41cb-8e68-c62b2274c299\" data-type=\"core\/heading\" data-title=\"Titre\"><div class=\"separator  transparent center  \" style=\"margin-top:2px;margin-bottom:2px;\"><\/div>\n<\/h3>\n<h3>iii) experience as legal counsel and expert, arbitrator and mediator, and in cultural diplomacy<\/h3>\n<h3 id=\"block-9e1a49d1-f64e-41cb-8e68-c62b2274c299\" class=\"block-editor-rich-text__editable block-editor-block-list__block wp-block is-selected is-hovered rich-text\" tabindex=\"0\" role=\"group\" contenteditable=\"true\" aria-multiline=\"true\" aria-label=\"Bloc\u00a0: Titre\" data-block=\"9e1a49d1-f64e-41cb-8e68-c62b2274c299\" data-type=\"core\/heading\" data-title=\"Titre\"><div class=\"separator  transparent center  \" style=\"margin-top:2px;margin-bottom:2px;\"><\/div>\n<\/h3>\n<h3>iv) academic, intergovernmental and indipendent private practice experience<\/h3>\n<h3 id=\"block-9e1a49d1-f64e-41cb-8e68-c62b2274c299\" class=\"block-editor-rich-text__editable block-editor-block-list__block wp-block is-selected is-hovered rich-text\" tabindex=\"0\" role=\"group\" contenteditable=\"true\" aria-multiline=\"true\" aria-label=\"Bloc\u00a0: Titre\" data-block=\"9e1a49d1-f64e-41cb-8e68-c62b2274c299\" data-type=\"core\/heading\" data-title=\"Titre\"><div class=\"separator  transparent center  \" style=\"margin-top:2px;margin-bottom:2px;\"><\/div>\n<\/h3>\n<h3>v) independence, publications and five working languages<\/h3>\n<div class=\"separator  transparent center  \" style=\"margin-top:10px;margin-bottom:10px;\"><\/div>\n\n<h3>Publications include 55 articles in law journals and two monographs<\/h3>\n<h3>International Art Restitution Claims (LGDJ Paris)<\/h3>\n<h3>Arbitration in France: Law and Practice (forthcoming Oxford University Press)<\/h3>\n<div class=\"separator  transparent center  \" style=\"margin-top:10px;margin-bottom:10px;\"><\/div>\n\n<h3>Works in: English, French, Spanish, German, Italian (Fair Portuguese)<\/h3>\n<div class=\"separator  transparent center  \" style=\"margin-top:10px;margin-bottom:10px;\"><\/div>\n\n<p>\u00a0<\/p>\n<h3>i) in International Law:<\/h3>\n<h3>Former Chief, International Standards Section, UNESCO HQ Paris. Italian Delegate in treaty-making. Ph.D. Diploma Hague Academy of International Law. Regular speaker<\/h3>\n<div class=\"separator  transparent center  \" style=\"margin-top:10px;margin-bottom:10px;\"><\/div>\n\n<h3>ii) in International Arbitration, Comparative Conflict of Laws, International Business Law:<\/h3>\n<h3><div class=\"separator  transparent center  \" style=\"margin-top:5px;margin-bottom:5px;\"><\/div>\n<\/h3>\n<h3>Arbitrator, Expert Witness, Counsel, Law Professor in Paris (former Visiting Professor at the Universities of Miami, Hong Kong, Rome, Thessaloniki)<\/h3>\n<h3>Member ICC Commissions on Arbitration, Competition, Commercial Law. Chartered Arbitrator, Fellow and Faculty of the Chartered Institute of Arbitrators. Regular speaker. Experience in treaty-making at the Hague Conference of Private International Law and UNIDROIT<\/h3>\n<div class=\"separator  transparent center  \" style=\"margin-top:10px;margin-bottom:10px;\"><\/div>\n\n<h3>iii) in EU Law:<\/h3>\n<h3><div class=\"separator  transparent center  \" style=\"margin-top:5px;margin-bottom:5px;\"><\/div>\n<\/h3>\n<h3>Law Professor. EU Expert for the Elaboration of EU Regulation N.650\/2012 on International Successions. EU Parliament Expert on art law and return of looted art<\/h3>\n<div class=\"separator  transparent center  \" style=\"margin-top:10px;margin-bottom:10px;\"><\/div>\n\n<h3>iv) in French Law:<\/h3>\n<h3><div class=\"separator  transparent center  \" style=\"margin-top:5px;margin-bottom:5px;\"><\/div>\n<\/h3>\n<h3>Law Professor in French and EU contract, commercial, company, conflict of laws, international business and arbitration law (<em>Ma\u00eetre de Conf\u00e9rences des Facult\u00e9s de droit<\/em>, Paris). Ph.D (<em>Docteur en droit<\/em>, Univ. Paris II). Post-graduate specialisations (DEAs) in commercial, EU, private-public international law. Full French legal education. Eligible for membership in the Paris Bar (currently not <em>Avocat \u00e0 la Cour<\/em>)<\/h3>\n<div class=\"separator  transparent center  \" style=\"margin-top:10px;margin-bottom:10px;\"><\/div>\n\n<h3>v) in Italian Law:<\/h3>\n<h3><div class=\"separator  transparent center  \" style=\"margin-top:5px;margin-bottom:5px;\"><\/div>\n<\/h3>\n<h3>Attorney-at-Law in Rome (<em>Avvocato<\/em>) admitted also before Supreme Courts (<em>Patrocinante in Cassazione<\/em>), Ph.D. (<em>Dottore di Ricerca<\/em> University Rome I). Full Italian legal education<\/h3>\n<div class=\"separator  transparent center  \" style=\"margin-top:10px;margin-bottom:10px;\"><\/div>\n\n<h3>vi) in English Law:<\/h3>\n<h3><div class=\"separator  transparent center  \" style=\"margin-top:5px;margin-bottom:5px;\"><\/div>\n<\/h3>\n<h3>Former International Tenant and Arbitrator 4-5 Gray&rsquo;s Inn Square, London. Registered European Lawyer in England and Wales. Professor\/Lecturer of English Business Law (2015-Present)<\/h3>\n<div class=\"separator  transparent center  \" style=\"margin-top:10px;margin-bottom:10px;\"><\/div>\n\n<h3>Activities related to U.S. Law:<\/h3>\n<h3><div class=\"separator  transparent center  \" style=\"margin-top:5px;margin-bottom:5px;\"><\/div>\n<\/h3>\n<h3>ICDR Panel of Arbitrators. Former Visiting Professor University of Miami. Professor\/Lecturer of U.S. Business Law (2015-2022). American Bar Association (ABA): Vice-Chair International Arbitration Committee, ABA Observer \u201cUniform Commercial Code and Emerging Technologies Committee\u201d Uniform Law Commission.\u00a0<\/h3>\n<h3>\u00a0<\/h3>\n<h3 style=\"text-align: justify;\"><div class=\"separator  transparent center  \" style=\"margin-top:10px;margin-bottom:10px;\"><\/div>\n<\/h3>\n<p style=\"text-align: justify;\"><span lang=\"en-GB\"><div class=\"separator  normal center  \" style=\"margin-top:15px;margin-bottom:5px;\"><\/div>\n<\/span><\/p>\n<p style=\"text-align: justify;\">\u00a0<\/p>","protected":false},"excerpt":{"rendered":"<p>uido Carducci is a Law Professor in Paris, an Attorney-at-Law in Rome, a Chartered Arbitrator and International Tenant and Arbitrator with 4-5 Gray&rsquo;s Inn Square, London.\u00a0Recognized in The Legal 500 : Dispute Resolution Former Chief of the International Standards Section at UNESCO (Paris Headquarters) he&#8230;<\/p>\n","protected":false},"author":1,"featured_media":0,"parent":0,"menu_order":0,"comment_status":"closed","ping_status":"closed","template":"","meta":[],"categories":[],"tags":[],"_links":{"self":[{"href":"https:\/\/carducciartlaw.com\/site\/01\/wp-json\/wp\/v2\/pages\/5"}],"collection":[{"href":"https:\/\/carducciartlaw.com\/site\/01\/wp-json\/wp\/v2\/pages"}],"about":[{"href":"https:\/\/carducciartlaw.com\/site\/01\/wp-json\/wp\/v2\/types\/page"}],"author":[{"embeddable":true,"href":"https:\/\/carducciartlaw.com\/site\/01\/wp-json\/wp\/v2\/users\/1"}],"replies":[{"embeddable":true,"href":"https:\/\/carducciartlaw.com\/site\/01\/wp-json\/wp\/v2\/comments?post=5"}],"version-history":[{"count":279,"href":"https:\/\/carducciartlaw.com\/site\/01\/wp-json\/wp\/v2\/pages\/5\/revisions"}],"predecessor-version":[{"id":1615,"href":"https:\/\/carducciartlaw.com\/site\/01\/wp-json\/wp\/v2\/pages\/5\/revisions\/1615"}],"wp:attachment":[{"href":"https:\/\/carducciartlaw.com\/site\/01\/wp-json\/wp\/v2\/media?parent=5"}],"wp:term":[{"taxonomy":"category","embeddable":true,"href":"https:\/\/carducciartlaw.com\/site\/01\/wp-json\/wp\/v2\/categories?post=5"},{"taxonomy":"post_tag","embeddable":true,"href":"https:\/\/carducciartlaw.com\/site\/01\/wp-json\/wp\/v2\/tags?post=5"}],"curies":[{"name":"wp","href":"https:\/\/api.w.org\/{rel}","templated":true}]}}