{"id":123,"date":"2015-04-21T17:03:01","date_gmt":"2015-04-21T16:03:01","guid":{"rendered":"http:\/\/carducciartlaw.com\/site\/01\/?page_id=123"},"modified":"2023-11-30T14:06:44","modified_gmt":"2023-11-30T13:06:44","slug":"articles","status":"publish","type":"page","link":"https:\/\/carducciartlaw.com\/site\/01\/publications\/articles\/","title":{"rendered":"Articles Published (55 in 5 Languages)"},"content":{"rendered":"<div  class=\"vc_row wpb_row vc_row-fluid\" style=\"text-align:left;\">\n\t<div class=\"vc_col-sm-12 wpb_column vc_column_container \">\n\t\t<div class=\"wpb_wrapper\">\n\t\t\t\n\t<div class=\"wpb_text_column wpb_content_element \">\n\t\t<div class=\"wpb_wrapper\">\n\t\t\t<h2 align=\"center\"><\/h2>\n<h2 align=\"center\"><\/h2>\n<h2 style=\"text-align: left;\" align=\"center\"><span lang=\"en-GB\">Articles in Law Journals and Monographs<\/span><\/h2>\n\n\t\t<\/div> \n\t<\/div> \n\t<div class=\"wpb_text_column wpb_content_element \">\n\t\t<div class=\"wpb_wrapper\">\n\t\t\t<div class=\"separator  normal center  \" style=\"margin-top:15px;margin-bottom:15px;\"><\/div>\n\n<p><strong>25 Articles on Private and Public International Law, Art, Cultural Property and Heritage Law<div class=\"separator  normal center  \" style=\"margin-top:15px;margin-bottom:15px;\"><\/div>\n<\/strong><\/p>\n<p><strong>20 Articles on International Dispute Resolution and Arbitration <\/strong><div class=\"separator  normal center  \" style=\"margin-top:15px;margin-bottom:15px;\"><\/div>\n<p><strong>10 Articles on Contract, Commercial, Company Law<\/strong><div class=\"separator  normal center  \" style=\"margin-top:15px;margin-bottom:15px;\"><\/div>\n\n\t\t<\/div> \n\t<\/div> \n\t<div class=\"wpb_text_column wpb_content_element \">\n\t\t<div class=\"wpb_wrapper\">\n\t\t\t<h2 align=\"center\"><\/h2>\n<h2 style=\"text-align: left;\" align=\"center\"><span lang=\"en-GB\">Full List of Articles (Chronological Order)\u00a0<\/span><\/h2>\n\n\t\t<\/div> \n\t<\/div> \n\t<div class=\"wpb_text_column wpb_content_element \">\n\t\t<div class=\"wpb_wrapper\">\n\t\t\t<div class=\"separator  normal center  \" style=\"margin-top:15px;margin-bottom:15px;\"><\/div>\n\n<p>56) <strong><em>Objets d\u2019art<\/em><\/strong><strong> and Cultural Property in Public and Private International Law<\/strong><\/p>\n<p>Published (in French) in: Repertoire Dalloz, Droit international (50 pages), forthcoming 2024 <div class=\"separator  normal center  \" style=\"margin-top:15px;margin-bottom:10px;\"><\/div>\n<p>55)<strong> National and International Protection of the Cultural and Natural Heritage<\/strong><br \/>\nPublished (in English) in: A Commentary of the 1972 World Heritage Convention, Oxford University Press, 2023, p.98-132 <div class=\"separator  normal center  \" style=\"margin-top:15px;margin-bottom:10px;\"><\/div>\n<p>54)<strong> The 1972 World Heritage Convention in the Framework of UNESCO Conventions and of other Conventions on Cultural Heritage<\/strong><br \/>\nPublished (in English) in: A Commentary of the 1972 World Heritage Convention, Oxford University Press, 2023 p.321-334 <div class=\"separator  normal center  \" style=\"margin-top:15px;margin-bottom:10px;\"><\/div>\n<p>53) <strong>Investment Arbitration: Is France the New Heaven for the Annulment of Intra-EU Arbitral Awards ?<\/strong><\/p>\n<p>Published (in Spanish, \u00bfFrancia como nuevo para\u00edso para la anulaci\u00f3n de los laudos de inversi\u00f3n intra UE?) in the Spain Arbitration Review (Revista del Club Espa\u00f1ol de Arbitraje), 2023 p.135 <div class=\"separator  normal center  \" style=\"margin-top:15px;margin-bottom:10px;\"><\/div>\n<p>52) <strong>The Law (National, EU and International) Governing the Coexistence of Legal Systems and International Legal Relationships.\u00a0<\/strong><strong>Relativity and Critical Analysis of the <\/strong><strong>\u00ab\u00a0Private and Public International Law\u00a0\u00bb Terminologies<\/strong><\/p>\n<p>Published (in French) : Le Droit des Rapports entre Syst\u00e8mes et des Rapports Juridiques Internationaux. Relativit\u00e9 et Critique des Terminologies \u00ab\u00a0Droit International Priv\u00e9 et Public.<\/p>\n<p>In Les grandes pages du droit international. Les rapports de syst\u00e8mes, IHEI Paris II, P\u00e9done Paris, 2022 (p.4-104) <div class=\"separator  normal center  \" style=\"margin-top:15px;margin-bottom:10px;\"><\/div>\n<p>51) <strong>The Revision of Awards in Swiss International and Domestic Arbitration Law, Sport and CAS Arbitration<\/strong><\/p>\n<p>Published (in French) in: The CAS (Court of Arbitration for Sport) Bulletin, 2022 Vol.1, p.7-21 <div class=\"separator  normal center  \" style=\"margin-top:15px;margin-bottom:10px;\"><\/div>\n<p>50) <strong>Remote or Virtual Arbitration Hearings as \u201cNew Normal\u201d: Governing Law and Rules, Seat, Annulment, Recognition and Enforcement<\/strong><\/p>\n<p>Published (in English) in: ASA Bulletin 3\/2021 p.145-153<\/p>\n<div class=\"separator  normal center  \" style=\"margin-top:15px;margin-bottom:10px;\"><\/div>\n\n<p>49) <strong>The Reform of Swiss International and Domestic Arbitration Law<\/strong><\/p>\n<p>Published (in English) in: Spain Arbitration Review 2021, p.135-154<\/p>\n<div class=\"separator  normal center  \" style=\"margin-top:15px;margin-bottom:10px;\"><\/div>\n\n<p>48)<strong> Mandatory\u00a0Rules, Court Litigation and Arbitration (Domestic and International Disputes)<\/strong><\/p>\n<p>Published (in English) in: New York Dispute Resolution Lawyer, 2021, p.87<\/p>\n<div class=\"separator  normal center  \" style=\"margin-top:15px;margin-bottom:10px;\"><\/div>\n\n<p>47) <strong>The Swiss Reform of Private International Law and International Arbitration Law<\/strong><\/p>\n<p>Published (in French) in: Recueil Dalloz, 2021 p.145<\/p>\n<div class=\"separator  normal center  \" style=\"margin-top:15px;margin-bottom:10px;\"><\/div>\n\n<p>46) <span style=\"color: #333333;\"><strong>Managing and Renting a Business (<em>Fonds de commerce)\u00a0<\/em>in French Commercial Law: Legal Nature, General Legal Regime, Conclusion of Contract<\/strong><\/span><br \/>\nPublished (in French) in : Juris-Classeur, Droit Commercial, 2021, Fascicule 1480, 29 pages<\/p>\n<div class=\"separator  normal center  \" style=\"margin-top:15px;margin-bottom:10px;\"><\/div>\n\n<p>45)\u00a0 <strong>The New Swiss International and Domestic Arbitration Law, Sport and CAS Arbitration<\/strong><\/p>\n<p>Published (in English) in: CAS Bulletin, 2020, II, p.7-22<\/p>\n<div class=\"separator  normal center  \" style=\"margin-top:15px;margin-bottom:10px;\"><\/div>\n\n<p>44) <strong>Advocacy in International Court Litigation and Arbitration. Common Principles, Divergences and Variables in Comparative Arbitration Law<\/strong><\/p>\n<p>Published (in Spanish) in: Spain Arbitration Review \u00a0(Revista del Club Espa\u00f1ol del Arbitraje) 2020, p.55-76<\/p>\n<div class=\"separator  normal center  \" style=\"margin-top:15px;margin-bottom:10px;\"><\/div>\n\n<p>43) <strong>Organs of the\u00a0UNESCO Convention\u00a0for the Safeguarding of the Intangible Cultural Heritage (Commentary, Articles 4-8)<\/strong><\/p>\n<p>Published (in English) in: The 2003 UNESCO Intangible Heritage Convention. A Commentary, Oxford University Press, 2020, p.134-152<\/p>\n<div class=\"separator  normal center  \" style=\"margin-top:15px;margin-bottom:10px;\"><\/div>\n\n<p>42) <strong>Role of States Parties in the\u00a0UNESCO Convention\u00a0for the Safeguarding of the Intangible Cultural Heritage (Commentary, Art.11)<\/strong><\/p>\n<p>Published (in English) in: The 2003 UNESCO Intangible Heritage Convention. A Commentary, Oxford University Press, 2020, p.173-184<\/p>\n<div class=\"separator  normal center  \" style=\"margin-top:15px;margin-bottom:10px;\"><\/div>\n\n<p>41) <span style=\"color: #333333;\"><strong>Managing and Renting a Business (<em>Fonds de commerce)\u00a0<\/em>in French Commercial Law: Legal Effects<\/strong><\/span><br \/>\nPublished (in French) in : Juris-Classeur, Droit Commercial, 2020, Fascicule 1485, 44 pages<\/p>\n<div class=\"separator  normal center  \" style=\"margin-top:15px;margin-bottom:10px;\"><\/div>\n\n<p>40)\u00a0<strong>The Role of UNESCO in the Elaboration and Implementation of International Art, Cultural Property, and Heritage Law<\/strong><\/p>\n<p>Published (in English) in: Intersections in International Cultural Heritage Law, Oxford University Press, 2020, p.183-201<\/p>\n<div class=\"separator  normal center  \" style=\"margin-top:15px;margin-bottom:10px;\"><\/div>\n\n<p>39)\u00a0\u00a0<strong>A State\u2019s Capacity and the EU\u2019s Competence to Conclude a Treaty, Invalidate, Terminate \u2013 and \u2018\u2018Preclude\u2019\u2019 in Achmea \u2013 a Treaty or BIT of Member States, a State\u2019s Consent to be Bound by a Treaty or to Arbitration, under the Law of Treaties and EU Law, and the CJEU\u2019s Decisions on EUSFTA and Achmea.<\/strong><\/p>\n<p><strong>Their Roles and Interactions in Treaty and Investment Arbitration<\/strong><\/p>\n<p>Published (in English) in: ICSID Review, Vol. 33, No. 2 (2018), pp. 582\u2013619<\/p>\n<div class=\"separator  normal center  \" style=\"margin-top:15px;margin-bottom:10px;\"><\/div>\n\n<p>38)\u00a0<strong>Multilingual Arbitrations: Optimizing Parties\u2019 Agreements, Scope, Costs, Award-making<\/strong><\/p>\n<p>Published (in English) in: New York Dispute Resolution Lawyer, 2018, Vol.I, p.31<\/p>\n<div class=\"separator  normal center  \" style=\"margin-top:15px;margin-bottom:10px;\"><\/div>\n\n<p>37)<strong>\u00a0Compatibility with EU Law of Arbitration Agreements in Bilateral Investment Treaties within the EU. Remarks after the ruling of the BGH on 3 March 2016<\/strong><\/p>\n<p>Published (in German) in: Zeitschrift fur Internationales Wirtschaftsrecht, 2016, IV, p.180-184<\/p>\n<div class=\"separator  normal center  \" style=\"margin-top:15px;margin-bottom:10px;\"><\/div>\n\n<p>36)\u00a0<strong>Notes on the EUCJ&rsquo;s Ruling in Gazprom: West Tankers is Unaffected and Anti-suit Injunctions Issued by Arbitral Tribunals are not Governed by EU Regulation 44\/2001<\/strong><\/p>\n<p>Published (in English) in: Arbitration International 2016, I, p.111-123<\/p>\n<div class=\"separator  normal center  \" style=\"margin-top:15px;margin-bottom:10px;\"><\/div>\n\n<p>35) <span style=\"color: #333333;\"><strong>Adverse Possession and Prescription, Property, Change of Situs and Transfer of <em>res extra commercium<\/em> in Conflict of Laws: Ordinary Movables and Cultural Property<\/strong><\/span><\/p>\n<p>Published (in French) in: Travaux du Comit\u00e9 fran\u00e7ais de droit international priv\u00e9, Pedone Paris, 2015, p.137-182<\/p>\n<div class=\"separator  normal center  \" style=\"margin-top:15px;margin-bottom:10px;\"><\/div>\n\n<p>34) <span style=\"color: #333333;\"><strong>Remarks on the Juridical Nature of Arbitration in French and Italian Arbitration Law<\/strong><\/span><strong> after <em>Corte di cassazione<\/em> 8 October 2013<\/strong><br \/>\nPublished (in French) in: Revue de l\u2019arbitrage, 2015, p.193-211<\/p>\n<div class=\"separator  normal center  \" style=\"margin-top:15px;margin-bottom:10px;\"><\/div>\n\n<p>33)<span style=\"color: #333333;\"><strong>\u00a0The Lex Specialis and the Lex Posterior Rules in the Law of Treaties<\/strong><\/span><br \/>\nPublished (in French) in: Conflits horizontaux de normes, Paris 2015, p.177-202<\/p>\n<div class=\"separator  normal center  \" style=\"margin-top:15px;margin-bottom:10px;\"><\/div>\n\n<p>32)\u00a0<strong>Agreements and Relationships between Companies within the Holding and Corporate Group in Italian Company Law<\/strong><\/p>\n<p>Published (in French) in: Actes pratiques et ing\u00e9nierie soci\u00e9taire, Paris, 2015, p.10<\/p>\n<div class=\"separator  normal center  \" style=\"margin-top:15px;margin-bottom:10px;\"><\/div>\n\n<p>31)\u00a0<strong>W<\/strong><strong>hat Consideration is Given to Climate and Climate Change in the UNESCO Cultural Heritage and Property Conventions ?<\/strong><\/p>\n<p>Published (in English) in Climate Change as a Threat to Peace, Dresden 2014, p.129-140<\/p>\n<div class=\"separator  normal center  \" style=\"margin-top:15px;margin-bottom:10px;\"><\/div>\n\n<p>30)\u00a0<strong>Law, Art Market and Hopi Masks<\/strong>,<\/p>\n<p>Published (in French) in: Semaine Juridique (G), n.52, 2013<\/p>\n<div class=\"separator  normal center  \" style=\"margin-top:15px;margin-bottom:10px;\"><\/div>\n\n<p>29) <span style=\"color: #333333;\"><strong>The New E.U. Regulation 650\/2012 and Its Consequences on International Successions<\/strong><\/span> (Jurisdiction, Applicable Law, Recognition and Enforcement of Judgments, Succession Certificate)<br \/>\nPublished (in French) in: Semaine juridique, G. 2013, p.960<\/p>\n<div class=\"separator  normal center  \" style=\"margin-top:15px;margin-bottom:10px;\"><\/div>\n<br \/>\n28) <span style=\"color: #333333;\"><strong>On Interests at Law and Conflicts of Interests in French and Italian Law of Agency, Corporations and Insider Trading<\/strong><\/span><br \/>\nPublished (in French) in: Conflits d\u2019int\u00e9r\u00eats\u00a0: fonction et ma\u00eetrise, Centre fran\u00e7ais droit compar\u00e9, Soci\u00e9t\u00e9 de l\u00e9gislation compar\u00e9e, Paris, 2013, p.55-96<\/p>\n<div class=\"separator  normal center  \" style=\"margin-top:15px;margin-bottom:10px;\"><\/div>\n\n<p>27) <span style=\"color: #333333;\"><strong>Validity of Arbitration Agreements, Court Referral to Arbitration, Comity, Anti-Suit Injunctions in Assistance of International Arbitration Worldwide and their Effects in the E.U. before and after the New E.U. Regulation 1215\/2012 of 12 December 2012<\/strong><\/span><br \/>\nPublished (in English) in: American Review of International Arbitration, 2013, p.515-547<\/p>\n<div class=\"separator  normal center  \" style=\"margin-top:15px;margin-bottom:10px;\"><\/div>\n\n<p>26) <span style=\"color: #333333;\"><strong>The new E.U. Regulation 1215\/2012 of 12 December 2012 (Brussels I bis) on Jurisdiction and International Arbitration (With Notes on Parallel Arbitration, Court Proceedings and the EU Commission\u2019s Proposal)<\/strong><\/span><br \/>\nPublished (in English) in: Arbitration International 2013, III, p.467-491<\/p>\n<div class=\"separator  normal center  \" style=\"margin-top:15px;margin-bottom:10px;\"><\/div>\n\n<p>25) <span style=\"color: #333333;\"><strong>The Importance of Legal Context and Other Considerations in Assessing the Suitability of Mediation, Arbitration and Litigation in Resolving Effectively Domestic and International Disputes (Employment Disputes and Beyond)<\/strong>, (Cambridge Conference organized by NYU, St John\u2019s University, American Arbitration Association)<\/span><br \/>\nPublished (in English) in: St John\u2019s Law Review, 2013, p.511-541<\/p>\n<div class=\"separator  normal center  \" style=\"margin-top:15px;margin-bottom:10px;\"><\/div>\n\n<p>24) <span style=\"color: #333333;\"><strong>Dealing with Set-Off and Counterclaims in International Commercial and Investment Arbitration<\/strong><\/span><br \/>\nPublished (in English) in: TDM and in the Yearbook of International Arbitration 2012, p.173-184<\/p>\n<div class=\"separator  normal center  \" style=\"margin-top:15px;margin-bottom:10px;\"><\/div>\n\n<p>23) <strong><span style=\"color: #333333;\">The Arbitration Reform in France: Domestic and International Arbitration<\/span><\/strong><br \/>\nPublished (in English) in: Arbitration International 2012, N\u00b0I, p.125<\/p>\n<div class=\"separator  normal center  \" style=\"margin-top:15px;margin-bottom:10px;\"><\/div>\n\n<p>22) <span style=\"color: #333333;\"><strong>The Impact of E.U. Regulation Rome I on International Litigation and Arbitration, A-National Law, Mandatory and Overriding Rules<\/strong><\/span><br \/>\nPublished (in English) in: ICC International Court of Arbitration Bulletin 2011, Vol.II, p.31<\/p>\n<div class=\"separator  normal center  \" style=\"margin-top:15px;margin-bottom:10px;\"><\/div>\n<br \/>\n21) <span style=\"color: #333333;\"><strong>Arbitration, Anti-suit Injunctions and Lis Pendens under the European Jurisdiction Regulation (44\/2001) and the New York Convention. Notes on West Tankers, the Revision of the Regulation, Perhaps of the Convention<\/strong><\/span><br \/>\nPublished (in English) in: Arbitration International, 2011, N\u00b02, p.171-197<\/p>\n<div class=\"separator  normal center  \" style=\"margin-top:15px;margin-bottom:10px;\"><\/div>\n\n<p>20) <span style=\"color: #333333;\"><strong>Defining Investment in Public and Private International Law and the Scope of I.C.S.I.D., N.A.F.T.A. and Energy Charter Treaty Investment Arbitration<\/strong><\/span><br \/>\nPublished (in English) in: Trends in\u00a0 International Economic Law, Essays Prof.P.Picone, 2011, p.649-673<\/p>\n<div class=\"separator  normal center  \" style=\"margin-top:15px;margin-bottom:10px;\"><\/div>\n\n<p>19)\u00a0 <span style=\"color: #333333;\"><strong>Denouncing: Duty or Right in Criminal and Private Law? a France-Italy Comparison,<\/strong><\/span><br \/>\nPublished (in French) in\u00a0: D\u00e9nonciation: droit ou devoir ?, Soci\u00e9t\u00e9 de legislation compar\u00e9e and Minist\u00e8re de la justice, Paris 2011, 137-152<\/p>\n<div class=\"separator  normal center  \" style=\"margin-top:15px;margin-bottom:10px;\"><\/div>\n\n<p>18) <span style=\"color: #333333;\"><strong>Corporate Governance in Italian Company Law<\/strong><\/span><br \/>\nPublished (in French) in : L&rsquo;administrateur ind\u00e9pendant, Soc. l\u00e9gislation compar\u00e9e and Minist\u00e8re de la justice, 2010 p.112<\/p>\n<div class=\"separator  normal center  \" style=\"margin-top:15px;margin-bottom:10px;\"><\/div>\n<br \/>\n17) <span style=\"color: #333333;\"><strong>Pillage in International Law<\/strong><\/span><br \/>\nPublished (in English) in: Max Planck Encyclopaedia of Public International Law (Heidelberg, 2009)<\/p>\n<div class=\"separator  normal center  \" style=\"margin-top:15px;margin-bottom:10px;\"><\/div>\n<br \/>\n16) <span style=\"color: #333333;\"><strong>National and International Protection of the Cultural and Natural Heritage<\/strong><\/span><br \/>\nPublished (in English) in: A Commentary of the 1972 World Heritage Convention, Oxford University Press p.103-146, 2008<\/p>\n<div class=\"separator  normal center  \" style=\"margin-top:15px;margin-bottom:10px;\"><\/div>\n<br \/>\n15) <span style=\"color: #333333;\"><strong>The 1972 World Heritage Convention in the Framework of other UNESCO Conventions on Cultural Heritage<\/strong><\/span><br \/>\nPublished (in English) in: A Commentary of the 1972 World Heritage Convention, Oxford University Press p.363-376, 2008<\/p>\n<div class=\"separator  normal center  \" style=\"margin-top:15px;margin-bottom:10px;\"><\/div>\n<br \/>\n14) <span style=\"color: #333333;\"><strong>Implementation of International Treaties at the National Level: Law and Practice<\/strong><\/span><br \/>\nPublished (in English) in : Preventing Looting of Works of Art, Chicago University, 2007<\/p>\n<div class=\"separator  normal center  \" style=\"margin-top:15px;margin-bottom:10px;\"><\/div>\n\n<p>13) <span style=\"color: #333333;\"><strong>Complementarity between the 1970 UNESCO Convention and the 1995 UNIDROIT Convention on Cultural Property<\/strong><\/span><br \/>\nPublished (in French) in : Revue de droit uniforme \/ Uniform Law Review 2006, p.93<\/p>\n<div class=\"separator  normal center  \" style=\"margin-top:15px;margin-bottom:10px;\"><\/div>\n<br \/>\n12) <span style=\"color: #333333;\"><strong>The Growing Complexity of International Art Law : Conflict of Laws, Uniform Law, Mandatory Rules, UNSC Resolutions and E.U. Regulations<\/strong><\/span><br \/>\nPublished (in English) in: Art and Cultural Heritage: Law, Policy and Practice, Cambridge, 2005, p.68-86<br \/>\n<div class=\"separator  normal center  \" style=\"margin-top:15px;margin-bottom:10px;\"><\/div>\n<br \/>\n11) <span style=\"color: #333333;\"><strong>Rituals and the Law<\/strong><\/span> (Domestic and International Law)<br \/>\nPublished (in German) in : Zeitschrift Paragrana (Internationale Zeitschrift f\u00fcr Historische Anthropologie) 2005<\/p>\n<div class=\"separator  normal center  \" style=\"margin-top:15px;margin-bottom:10px;\"><\/div>\n<br \/>\n10) <span style=\"color: #333333;\"><strong>Managing and Renting a Business\u00a0and\u00a0a\u00a0<em>Fonds de commerce<\/em> in French Commercial Law<\/strong><\/span> (coauthored with Prof. M.J.Campana),<br \/>\nPublished (in French) in : Juris-Classeur, Droit Commercial, 2004, 52 pages<\/p>\n<div class=\"separator  normal center  \" style=\"margin-top:15px;margin-bottom:10px;\"><\/div>\n<br \/>\n9)\u00a0 <span style=\"color: #333333;\"><strong>The Crucial Compromise on Salvage Law and the Law of Finds<\/strong><\/span><br \/>\nPublished (in English) in: The Protection of the Underwater Cultural Heritage (Before and After the 2001 UNESCO Convention), Nijhoff 2003, p.193-206<\/p>\n<div class=\"separator  normal center  \" style=\"margin-top:15px;margin-bottom:10px;\"><\/div>\n<br \/>\n8) <span style=\"color: #333333;\"><strong>The Expanding Protection of the Underwater Cultural Heritage : the New UNESCO Convention versus Existing International Law<\/strong><\/span><br \/>\nPublished (in English) in: The Protection of the Underwater Cultural Heritage, Giuffr\u00e8 2002, p.134-216<br \/>\n<div class=\"separator  normal center  \" style=\"margin-top:15px;margin-bottom:10px;\"><\/div>\n<br \/>\n7) <span style=\"color: #333333;\"><strong>New Developments in the Law of the Sea : the UNESCO Convention on the Protection of Underwater Cultural Heritage<\/strong><\/span><br \/>\nPublished (in English) in: American Journal of International Law, 2002, p.419-434<\/p>\n<div class=\"separator  normal center  \" style=\"margin-top:15px;margin-bottom:10px;\"><\/div>\n<br \/>\n6) <span style=\"color: #333333;\"><strong>The UNESCO Convention on the Protection of Underwater Cultural Heritage<\/strong><\/span><br \/>\nPublished (in Italian) in : Rivista di Diritto Internazionale, 2002, p.53-98<\/p>\n<div class=\"separator  normal center  \" style=\"margin-top:15px;margin-bottom:10px;\"><\/div>\n<br \/>\n5) <span style=\"color: #333333;\"><strong>Armed Conflicts and International Return Claims of Cultural Property and Works of Art from the Beginning to the 1999 The Hague Second Protocol<\/strong><\/span><br \/>\nPublished (in Italian) in : Studi Senesi, 2001, p.327-405<\/p>\n<div class=\"separator  normal center  \" style=\"margin-top:15px;margin-bottom:10px;\"><\/div>\n<br \/>\n4)\u00a0<span style=\"color: #333333;\"><strong> The Duty to Return Cultural Property in the Event of Armed Conflict: Customary Law and Treaty Law Before and After the 1954 Hague Convention. The relevance of Time in the Treaty &#8211; Custom Relationships<\/strong><\/span><br \/>\nPublished (in French) in : Revue G\u00e9n\u00e9rale de Droit International Public, 2000,\u00a0p.289-357<\/p>\n<div class=\"separator  normal center  \" style=\"margin-top:15px;margin-bottom:10px;\"><\/div>\n<br \/>\n3)\u00a0 <span style=\"color: #333333;\"><strong>Internationally Mandatory Rules and Overriding Rules in Private International Law\/Conflict of Laws (Norme di applicazione necessaria)<\/strong><\/span><br \/>\nPublished (in Italian) in : Enciclopedia Giuridica Treccani (Italian Treccani Legal Encyclopaedia) 2000<br \/>\n<div class=\"separator  normal center  \" style=\"margin-top:15px;margin-bottom:10px;\"><\/div>\n<br \/>\n2) <span style=\"color: #333333;\"><strong>Cultural Property and Works of Art in Public and Private International Law<\/strong><\/span><br \/>\nPublished (in Italian) in : Enciclopedia Giuridica Treccani (Italian Treccani Legal Encyclopaedia) 2000<br \/>\n<div class=\"separator  normal center  \" style=\"margin-top:15px;margin-bottom:10px;\"><\/div>\n<p>1)\u00a0 <span style=\"color: #333333;\"><strong>Consumer Protection and Judge-made Substitution of Legal Grounds to Indemnity Claims<\/strong><\/span><br \/>\nPublished (in French) in:\u00a0 S\u00e9maine Juridique, Ed. G., 1998, II 10156<\/p>\n\n\t\t<\/div> \n\t<\/div> <div class=\"separator  normal center  \" style=\"\"><\/div>\n<div class=\"vc_empty_space\"  style=\"height: 140px\" ><span class=\"vc_empty_space_inner\"><\/span><\/div>\n\n\n\t\t<\/div> \n\t<\/div> \n<\/div>\n<h2 align=\"center\"><\/h2>\n<h2 align=\"center\"><\/h2>\n","protected":false},"excerpt":{"rendered":"Articles in Law Journals and Monographs 25 Articles on Private and Public International Law, Art, Cultural Property and Heritage Law 20 Articles on International Dispute Resolution and Arbitration 10 Articles on Contract, Commercial, Company Law Full List of Articles (Chronological Order)\u00a0 56) Objets d\u2019art and...","protected":false},"author":1,"featured_media":0,"parent":118,"menu_order":0,"comment_status":"closed","ping_status":"open","template":"","meta":[],"categories":[9],"tags":[],"_links":{"self":[{"href":"https:\/\/carducciartlaw.com\/site\/01\/wp-json\/wp\/v2\/pages\/123"}],"collection":[{"href":"https:\/\/carducciartlaw.com\/site\/01\/wp-json\/wp\/v2\/pages"}],"about":[{"href":"https:\/\/carducciartlaw.com\/site\/01\/wp-json\/wp\/v2\/types\/page"}],"author":[{"embeddable":true,"href":"https:\/\/carducciartlaw.com\/site\/01\/wp-json\/wp\/v2\/users\/1"}],"replies":[{"embeddable":true,"href":"https:\/\/carducciartlaw.com\/site\/01\/wp-json\/wp\/v2\/comments?post=123"}],"version-history":[{"count":55,"href":"https:\/\/carducciartlaw.com\/site\/01\/wp-json\/wp\/v2\/pages\/123\/revisions"}],"predecessor-version":[{"id":1488,"href":"https:\/\/carducciartlaw.com\/site\/01\/wp-json\/wp\/v2\/pages\/123\/revisions\/1488"}],"up":[{"embeddable":true,"href":"https:\/\/carducciartlaw.com\/site\/01\/wp-json\/wp\/v2\/pages\/118"}],"wp:attachment":[{"href":"https:\/\/carducciartlaw.com\/site\/01\/wp-json\/wp\/v2\/media?parent=123"}],"wp:term":[{"taxonomy":"category","embeddable":true,"href":"https:\/\/carducciartlaw.com\/site\/01\/wp-json\/wp\/v2\/categories?post=123"},{"taxonomy":"post_tag","embeddable":true,"href":"https:\/\/carducciartlaw.com\/site\/01\/wp-json\/wp\/v2\/tags?post=123"}],"curies":[{"name":"wp","href":"https:\/\/api.w.org\/{rel}","templated":true}]}}