{"id":110,"date":"2015-04-21T16:50:43","date_gmt":"2015-04-21T15:50:43","guid":{"rendered":"http:\/\/carducciartlaw.com\/site\/01\/?page_id=110"},"modified":"2025-07-03T17:44:56","modified_gmt":"2025-07-03T16:44:56","slug":"panels","status":"publish","type":"page","link":"https:\/\/carducciartlaw.com\/site\/01\/experiences\/international-arbitration\/panels\/","title":{"rendered":"Panels of Arbitrators"},"content":{"rendered":"<div  class=\"vc_row wpb_row vc_row-fluid\" style=\"text-align:left;\">\n\t<div class=\"vc_col-sm-12 wpb_column vc_column_container \">\n\t\t<div class=\"wpb_wrapper\">\n\t\t\t\n\t<div class=\"wpb_text_column wpb_content_element \">\n\t\t<div class=\"wpb_wrapper\">\n\t\t\t<div  class=\"vc_row wpb_row vc_row-fluid\" style=\"text-align:left;\"><\/div>\n\t<div class=\"vc_col-sm-12 wpb_column vc_column_container \">\n\t\t<div class=\"wpb_wrapper\">\n\t\t\t\n\t\t<\/div> \n\t<\/div> \n\n\t<div class=\"wpb_text_column wpb_content_element \">\n\t\t<div class=\"wpb_wrapper\">\n\t\t\t\n\t\t<\/div> \n\t<\/div>\n<h2 lang=\"en-GB\" align=\"justify\">Former Panels of International Arbitrators<\/h2>\n\n\t\t<\/div> \n\t<\/div> <div class=\"vc_empty_space\"  style=\"height: 40px\" ><span class=\"vc_empty_space_inner\"><\/span><\/div>\n\n\n\t\t<\/div> \n\t<\/div> \n<\/div><div  class=\"vc_row wpb_row vc_row-fluid\" style=\"text-align:left;\">\n\t<div class=\"vc_col-sm-12 wpb_column vc_column_container \">\n\t\t<div class=\"wpb_wrapper\">\n\t\t\t\n\t<div class=\"wpb_text_column wpb_content_element \">\n\t\t<div class=\"wpb_wrapper\">\n\t\t\t<p lang=\"en-GB\" align=\"justify\"><strong>i) ICSID Panels of Arbitrators and Conciliators <\/strong>(designated by Italy, 2007-2016 World Bank, International Centre for Settlement of Investment Disputes, Washington D.C.)<div class=\"separator  normal center  \" style=\"\"><\/div>\n<p lang=\"en-GB\" align=\"justify\"><strong><span style=\"color: #333333;\">ii) Court of Arbitration for Sport<\/span><\/strong> (CAS\/TAS) Lausanne, Switzerland (until end 2022)<div class=\"separator  normal center  \" style=\"\"><\/div>\n<p lang=\"en-GB\" align=\"justify\"><strong>iii) Singapore International Arbitration Centre<\/strong> (SIAC)<\/p>\n<p lang=\"en-GB\" align=\"justify\"><div class=\"separator  normal center  \" style=\"\"><\/div>\n<h2 lang=\"en-GB\" style=\"text-align: justify;\" align=\"justify\">Current Panels of International Arbitrators<\/h2>\n<p><span style=\"color: #333333;\"><div class=\"separator  normal center  \" style=\"\"><\/div>\n<\/span><\/p>\n<p><strong>International Centre for Dispute Resolution (ICDR, New York City)<div class=\"separator  normal center  \" style=\"\"><\/div>\n<\/strong><\/p>\n<p lang=\"en-GB\" align=\"justify\"><strong>Chartered Institute of Arbitrators<\/strong> (CIArb London)<\/p>\n<p lang=\"en-GB\" align=\"justify\"><div class=\"separator  normal center  \" style=\"\"><\/div>\n<p lang=\"en-GB\" style=\"text-align: justify;\" align=\"justify\"><strong><span style=\"color: #333333;\">World Intellectual Property Organization (WIPO, Geneva): List of Neutrals<\/span><\/strong><\/p>\n<p lang=\"en-GB\" style=\"text-align: justify;\" align=\"justify\"><span style=\"color: #333333;\"><div class=\"separator  normal center  \" style=\"\"><\/div>\n<\/span><\/p>\n<p style=\"text-align: justify;\" align=\"justify\"><span style=\"color: #333333;\"><strong>Japan Commercial Arbitration Association<\/strong><\/span> (Tokyo)<\/p>\n<p style=\"text-align: justify;\" align=\"justify\"><span style=\"color: #333333;\"><div class=\"separator  normal center  \" style=\"\"><\/div>\n<\/span><\/p>\n<p style=\"text-align: justify;\" align=\"justify\"><span style=\"color: #333333;\"><strong>Hong Kong International Arbitration Centre<\/strong><\/span> (HKIAC)<\/p>\n<p style=\"text-align: justify;\" align=\"justify\"><span style=\"color: #333333;\"><div class=\"separator  normal center  \" style=\"\"><\/div>\n<\/span><\/p>\n<p style=\"text-align: justify;\" align=\"justify\"><strong>Chambre Arbitrale Internationale de Paris (CAIP) \/ Paris International Court of Arbitration (CAIP)<\/strong><\/p>\n<p style=\"text-align: justify;\" align=\"justify\"><div class=\"separator  normal center  \" style=\"\"><\/div>\n<p style=\"text-align: justify;\" align=\"justify\"><strong>Paris Mediation and Arbitration Centre<\/strong> (Centre de m\u00e9diation et d&rsquo;arbitrage de\u00a0Paris, CMAP)<\/p>\n<p style=\"text-align: justify;\" align=\"justify\"><div class=\"separator  normal center  \" style=\"\"><\/div>\n<p lang=\"en-GB\" align=\"justify\"><strong>France &#8211; Germany Paris Chamber of Commerce<\/strong> (Chambre de Commerce et d&rsquo;Industrie Franco-Allemande, Paris, CFACI)<\/p>\n<p lang=\"en-GB\" style=\"text-align: justify;\" align=\"justify\"><span style=\"color: #333333;\"><div class=\"separator  normal center  \" style=\"\"><\/div>\n<\/span><\/p>\n<p style=\"text-align: justify;\" align=\"justify\">\n<p style=\"text-align: justify;\" align=\"justify\"><span style=\"color: #333333;\"><strong>Australian Centre for International Commercial Arbitration<\/strong><\/span> (ACICA, Sidney)<\/p>\n<p style=\"text-align: justify;\" align=\"justify\"><span style=\"color: #333333;\"><div class=\"separator  normal center  \" style=\"\"><\/div>\n<\/span><\/p>\n<p style=\"text-align: justify;\" align=\"justify\"><span style=\"color: #333333;\"><strong>British Virgin Islands International Arbitration Centre<\/strong><\/span> (BVI IAC)<\/p>\n<p style=\"text-align: justify;\" align=\"justify\"><span style=\"color: #333333;\"><div class=\"separator  normal center  \" style=\"\"><\/div>\n<\/span><\/p>\n<p style=\"text-align: justify;\" align=\"justify\"><span style=\"color: #333333;\"><strong>Cairo Regional Centre for International Arbitration<\/strong><\/span> (CRCICA)<\/p>\n<p style=\"text-align: justify;\" align=\"justify\"><span style=\"color: #333333;\"><div class=\"separator  normal center  \" style=\"\"><\/div>\n<\/span><\/p>\n<p style=\"text-align: justify;\" align=\"justify\"><span style=\"color: #333333;\"><strong><span lang=\"en-GB\">Kuala Lumpur Regional Centre for Arbitration<\/span><\/strong><\/span><span lang=\"en-GB\">\u00a0(KLRCA)<\/span><\/p>\n<div class=\"separator  normal center  \" style=\"\"><\/div>\n\n<p><strong>Centro Internacional de Arbitraje.\u00a0C\u00e1mara de B\u00e9lgica y Luxemburgo en el Per\u00fa <\/strong>(CIABLP, Lima)<\/p>\n<div class=\"separator  normal center  \" style=\"\"><\/div>\n\n<p><strong>Vienna International Arbitral Centre<\/strong>, Vienna<\/p>\n<p>(VIAC, List of Practicioners in International Arbitration) (List not only of Arbitrators)<\/p>\n\n\t\t<\/div> \n\t<\/div> <div class=\"separator  normal center  \" style=\"\"><\/div>\n<div class=\"vc_empty_space\"  style=\"height: 140px\" ><span class=\"vc_empty_space_inner\"><\/span><\/div>\n\n\n\t\t<\/div> \n\t<\/div> \n<\/div>\n","protected":false},"excerpt":{"rendered":"Former Panels of International Arbitrators i) ICSID Panels of Arbitrators and Conciliators (designated by Italy, 2007-2016 World Bank, International Centre for Settlement of Investment Disputes, Washington D.C.) ii) Court of Arbitration for Sport (CAS\/TAS) Lausanne, Switzerland (until end 2022) iii) Singapore International Arbitration Centre (SIAC)...","protected":false},"author":1,"featured_media":0,"parent":80,"menu_order":0,"comment_status":"closed","ping_status":"open","template":"","meta":[],"categories":[5],"tags":[],"_links":{"self":[{"href":"https:\/\/carducciartlaw.com\/site\/01\/wp-json\/wp\/v2\/pages\/110"}],"collection":[{"href":"https:\/\/carducciartlaw.com\/site\/01\/wp-json\/wp\/v2\/pages"}],"about":[{"href":"https:\/\/carducciartlaw.com\/site\/01\/wp-json\/wp\/v2\/types\/page"}],"author":[{"embeddable":true,"href":"https:\/\/carducciartlaw.com\/site\/01\/wp-json\/wp\/v2\/users\/1"}],"replies":[{"embeddable":true,"href":"https:\/\/carducciartlaw.com\/site\/01\/wp-json\/wp\/v2\/comments?post=110"}],"version-history":[{"count":27,"href":"https:\/\/carducciartlaw.com\/site\/01\/wp-json\/wp\/v2\/pages\/110\/revisions"}],"predecessor-version":[{"id":1548,"href":"https:\/\/carducciartlaw.com\/site\/01\/wp-json\/wp\/v2\/pages\/110\/revisions\/1548"}],"up":[{"embeddable":true,"href":"https:\/\/carducciartlaw.com\/site\/01\/wp-json\/wp\/v2\/pages\/80"}],"wp:attachment":[{"href":"https:\/\/carducciartlaw.com\/site\/01\/wp-json\/wp\/v2\/media?parent=110"}],"wp:term":[{"taxonomy":"category","embeddable":true,"href":"https:\/\/carducciartlaw.com\/site\/01\/wp-json\/wp\/v2\/categories?post=110"},{"taxonomy":"post_tag","embeddable":true,"href":"https:\/\/carducciartlaw.com\/site\/01\/wp-json\/wp\/v2\/tags?post=110"}],"curies":[{"name":"wp","href":"https:\/\/api.w.org\/{rel}","templated":true}]}}